{"id":63,"date":"2011-05-18T08:34:14","date_gmt":"2011-05-18T08:34:14","guid":{"rendered":"http:\/\/www.segtouren-pelzerhaken.de\/?page_id=63"},"modified":"2022-06-27T07:17:29","modified_gmt":"2022-06-27T07:17:29","slug":"technik","status":"publish","type":"page","link":"http:\/\/www.baltic-spass.de\/?page_id=63","title":{"rendered":"Technik"},"content":{"rendered":"<p><em><strong><code>Der Segway Personal Transporter (Segway PT, fr\u00fcher HT f\u00fcr Human Transporter, bei einigen deutschen L\u00e4nderpolizeien auch Selbstbalance-Roller genannt) ist ein Elektroroller, der eine Person bef\u00f6rdern kann. Er wird seit Dezember 2001 von Segway Inc. aus Bedford im US-Bundesstaat New Hampshire hergestellt.<\/code><\/strong><\/em><\/p>\n<p><strong>Geschwindigkeit<\/strong>: 0\u201320\u00a0km\/h. Im Gegensatz zu anderen Zweir\u00e4dern auch bei Langsamfahrt und im Stillstand stabil. Nie \u00fcber 20\u00a0km\/h, auch nicht bergab: Zur Geschwindigkeitsbegrenzung fahren die R\u00e4der vor den Fahrer, der dann von der Lenkstange zur\u00fcckgedr\u00fcckt wird (Speed Limiter).<\/p>\n<p><strong>Reichweite<\/strong>: Bis 38\u00a0km mit einer Ladung der Lithcium-Lonen-Akkumulatoren .Abh\u00e4ngig u.\u00a0a. von Gewicht des Fahrers, Steigungen, Untergrund, Fahrweise, Reifendruck und Wind.<\/p>\n<p><strong>Wendekreis<\/strong>: 0\u00a0m (dreht auf der Stelle)<\/p>\n<p><strong>Gewicht: <\/strong>47,7 kg (Modell\u00a0 i2); 54,4 kg (Modell x2). Zuladung: 45\u2013110 kg<\/p>\n<p><strong>Verbrauch<\/strong>: \u22483\u00a0kWh auf 100\u00a0km<\/p>\n<p><strong>CO\u2082-Emission<\/strong>: 23\u00a0g\/km, die bei der Stromerzeugung anfallen.<sup id=\"cite_ref-0\"><a href=\"http:\/\/de.wikipedia.org\/wiki\/Segway_Personal_Transporter#cite_note-0\">[1]<\/a><\/sup> Zum Vergleich: Auto 170\u00a0g\/km (durchschnittlicher Verbrauch 7\u00a0l\/100\u00a0km),<sup id=\"cite_ref-1\"><a href=\"http:\/\/de.wikipedia.org\/wiki\/Segway_Personal_Transporter#cite_note-1\">[2]<\/a><\/sup> Motorroller\u00a0\u224880\u00a0g\/km<\/p>\n<p><strong>Ladedauer<\/strong>: 8 bis 10 Stunden bei v\u00f6llig leergefahrenen Akkus. Integriertes Ladeger\u00e4t zum Aufladen an normalen Steckdosen (110\u2013230\u00a0V).<sup id=\"cite_ref-2\"><a href=\"http:\/\/de.wikipedia.org\/wiki\/Segway_Personal_Transporter#cite_note-2\">[3]<\/a><\/sup><\/p>\n<p><strong>Redundanz<\/strong>: Alle sicherheitsrelevanten Elemente sind doppelt vorhanden (Akkus, Gyroskope, Motorwicklungen, Computer). Beim pl\u00f6tzlichen Ausfall eines Bauteiles kommt der Segway\u00a0PT trotzdem stabil und sicher zum Stehen.<\/p>\n<p><strong>Nutzbremse<\/strong>: Beim Bremsen oder bei Bergabfahrt wird elektrische Energie r\u00fcckgewonnen und in den Akkus gespeichert.<\/p>\n<p><em><strong>Quelle: Wikipedia<\/strong><\/em><\/p>\n","protected":false},"excerpt":{"rendered":"<p>Der Segway Personal Transporter (Segway PT, fr\u00fcher HT f\u00fcr Human Transporter, bei einigen deutschen L\u00e4nderpolizeien auch Selbstbalance-Roller genannt) ist ein Elektroroller, der eine Person bef\u00f6rdern kann. Er wird seit Dezember 2001 von Segway Inc. aus Bedford im US-Bundesstaat New Hampshire &hellip; <a href=\"http:\/\/www.baltic-spass.de\/?page_id=63\">Weiterlesen <span class=\"meta-nav\">&rarr;<\/span><\/a><\/p>\n","protected":false},"author":1,"featured_media":0,"parent":0,"menu_order":10,"comment_status":"closed","ping_status":"closed","template":"","meta":{"footnotes":""},"class_list":["post-63","page","type-page","status-publish","hentry"],"_links":{"self":[{"href":"http:\/\/www.baltic-spass.de\/index.php?rest_route=\/wp\/v2\/pages\/63","targetHints":{"allow":["GET"]}}],"collection":[{"href":"http:\/\/www.baltic-spass.de\/index.php?rest_route=\/wp\/v2\/pages"}],"about":[{"href":"http:\/\/www.baltic-spass.de\/index.php?rest_route=\/wp\/v2\/types\/page"}],"author":[{"embeddable":true,"href":"http:\/\/www.baltic-spass.de\/index.php?rest_route=\/wp\/v2\/users\/1"}],"replies":[{"embeddable":true,"href":"http:\/\/www.baltic-spass.de\/index.php?rest_route=%2Fwp%2Fv2%2Fcomments&post=63"}],"version-history":[{"count":7,"href":"http:\/\/www.baltic-spass.de\/index.php?rest_route=\/wp\/v2\/pages\/63\/revisions"}],"predecessor-version":[{"id":2569,"href":"http:\/\/www.baltic-spass.de\/index.php?rest_route=\/wp\/v2\/pages\/63\/revisions\/2569"}],"wp:attachment":[{"href":"http:\/\/www.baltic-spass.de\/index.php?rest_route=%2Fwp%2Fv2%2Fmedia&parent=63"}],"curies":[{"name":"wp","href":"https:\/\/api.w.org\/{rel}","templated":true}]}}