{"id":39,"date":"2011-05-18T07:22:43","date_gmt":"2011-05-18T07:22:43","guid":{"rendered":"http:\/\/www.segtouren-pelzerhaken.de\/?page_id=39"},"modified":"2022-11-02T07:47:33","modified_gmt":"2022-11-02T07:47:33","slug":"news","status":"publish","type":"page","link":"http:\/\/www.baltic-spass.de\/?page_id=39","title":{"rendered":"NEWS und Gutscheine"},"content":{"rendered":"<p>\u00a0<\/p>\n<p><img loading=\"lazy\" decoding=\"async\" class=\"alignnone wp-image-1501 size-full\" src=\"http:\/\/www.segtouren-pelzerhaken.de\/wp-content\/uploads\/2011\/05\/kleiner.jpg\" alt=\"kleiner\" width=\"529\" height=\"44\" srcset=\"http:\/\/www.baltic-spass.de\/wp-content\/uploads\/2011\/05\/kleiner.jpg 529w, http:\/\/www.baltic-spass.de\/wp-content\/uploads\/2011\/05\/kleiner-300x24.jpg 300w\" sizes=\"auto, (max-width: 529px) 100vw, 529px\" \/><\/p>\n<p>\u00a0<\/p>\n<p><img loading=\"lazy\" decoding=\"async\" class=\"wp-image-1506  alignleft\" src=\"http:\/\/www.segtouren-pelzerhaken.de\/wp-content\/uploads\/2011\/05\/Gutschein2.jpg\" alt=\"Gutschein\" width=\"295\" height=\"180\" srcset=\"http:\/\/www.baltic-spass.de\/wp-content\/uploads\/2011\/05\/Gutschein2.jpg 527w, http:\/\/www.baltic-spass.de\/wp-content\/uploads\/2011\/05\/Gutschein2-300x182.jpg 300w\" sizes=\"auto, (max-width: 295px) 100vw, 295px\" \/><\/p>\n<p><img loading=\"lazy\" decoding=\"async\" class=\"alignnone wp-image-40\" title=\"Fahrausweis--\" src=\"http:\/\/www.segtouren-pelzerhaken.de\/wp-content\/uploads\/2011\/05\/Fahrausweis-.jpeg\" alt=\"\" width=\"288\" height=\"187\" srcset=\"http:\/\/www.baltic-spass.de\/wp-content\/uploads\/2011\/05\/Fahrausweis-.jpeg 306w, http:\/\/www.baltic-spass.de\/wp-content\/uploads\/2011\/05\/Fahrausweis--300x194.jpg 300w\" sizes=\"auto, (max-width: 288px) 100vw, 288px\" \/><\/p>\n<p><b>Die Schulung f\u00fcr den Fahrausweis beinhaltet:<\/b><\/p>\n<ul>\n<li>Handhabung und Bedienung des Schl\u00fcssels (Info-Key)<\/li>\n<li>Richtige und sichere Benutzung wie Auf- und Absteigen \/ bremsen und beschleunigen sowie das \u201eParken\u201c des Segways<\/li>\n<li>Verhalten bei Gefahrsituationen wie z.B.: \u00a0Kontakt mit Tieren \/ Fahrbahn \u2013 Untergrund &#8211; Ver\u00e4nderung\/ \u00a0Gruppen-Fahrten u.v.m.<\/li>\n<li>Praktische \u00dcbungen<\/li>\n<\/ul>\n<p>Danach geht es f\u00fcr ca. 40 Minuten auf Tour<\/p>\n<p>\u00a035,00 Euro pro Person<\/p>\n<p>wenn Sie diesen Fahrausweis haben,<\/p>\n<p>besitzen Sie eine optimale Ger\u00e4te- und Fahrkenntnis und haben ev. Preisvorteile bei anderen Verleihfirmen und Tourenanbietern<\/p>\n<p style=\"text-align: center;\"><strong><span style=\"font-size: large; color: #ff0000;\">Eine Geschenkidee f\u00fcr alle Anl\u00e4sse<\/span><\/strong><\/p>\n<p style=\"text-align: center;\"><strong><span style=\"font-size: large; color: #ff0000;\">ist ein Gutschein<\/span><\/strong><\/p>\n<p style=\"text-align: center;\"><strong><span style=\"font-size: large; color: #ff0000;\">f\u00fcr eine Tour <\/span><\/strong><\/p>\n<p><strong><span style=\"font-size: large;\">selbstverst\u00e4ndlich erhalten Sie auch Geschenk-Gutscheine f\u00fcr Ihre Freunde zum Geburtstag und f\u00fcr alle anderen Anl\u00e4sse. <\/span><\/strong><\/p>\n<p><em><strong><a href=\"http:\/\/www.segtouren-pelzerhaken.de\/wp-content\/uploads\/2011\/05\/Gutschein-.jpeg\"><img loading=\"lazy\" decoding=\"async\" class=\"size-full wp-image-41 alignleft\" title=\"Gutschein--\" src=\"http:\/\/www.segtouren-pelzerhaken.de\/wp-content\/uploads\/2011\/05\/Gutschein-.jpeg\" alt=\"\" width=\"315\" height=\"187\" srcset=\"http:\/\/www.baltic-spass.de\/wp-content\/uploads\/2011\/05\/Gutschein-.jpeg 334w, http:\/\/www.baltic-spass.de\/wp-content\/uploads\/2011\/05\/Gutschein--300x177.jpg 300w\" sizes=\"auto, (max-width: 315px) 100vw, 315px\" \/><\/a><\/strong><\/em><br \/><em><strong><a href=\"http:\/\/www.segtouren-pelzerhaken.de\/wp-content\/uploads\/2011\/05\/Gut.jpg\"><img loading=\"lazy\" decoding=\"async\" class=\" wp-image-1856 alignnone\" src=\"http:\/\/www.segtouren-pelzerhaken.de\/wp-content\/uploads\/2011\/05\/Gut.jpg\" alt=\"Gut\" width=\"247\" height=\"157\" \/><\/a><\/strong><\/em><\/p>\n<p style=\"text-align: left;\"><em><strong>den Sie vor Ort,\u00a0 oder per Post<br \/><\/strong><\/em><\/p>\n<p style=\"text-align: left;\"><em><strong>bekommen k\u00f6nnen<\/strong><\/em><\/p>\n<h2 style=\"text-align: left;\"><em><strong><span style=\"text-decoration: underline;\"><span style=\"color: #ff0000;\">verschenken Sie ein unvergessliches<\/span><\/span><\/strong><\/em><\/h2>\n<h2 style=\"text-align: left;\"><em><strong><span style=\"text-decoration: underline;\"><span style=\"color: #ff0000;\"> Erlebnis auf dem Segway<br \/><\/span><\/span><\/strong><\/em><\/h2>\n<h4 style=\"text-align: left;\">\u00a0<\/h4>\n<h3><strong><i>gerne setzen wir auch einen Betrag ein und der Beschenkte sucht sich bei uns etwas\u00a0 aus.<\/i><\/strong><\/h3>\n<p><strong>eine Barauszahlung oder R\u00fcckerstattung ist nicht m\u00f6glich.<br \/><\/strong><\/p>\n<p>\u00a0<\/p>\n<h2><strong>Gewicht bis 110 Kg max. pro Person <\/strong><\/h2>\n<h2><strong>f\u00fcr das Fahren mit dem Segway<\/strong><\/h2>\n<p><strong>wir fahren\u00a0 ab 2 Personen<\/strong><\/p>\n\n\n<p><\/p>\n","protected":false},"excerpt":{"rendered":"<p>\u00a0 \u00a0 Die Schulung f\u00fcr den Fahrausweis beinhaltet: Handhabung und Bedienung des Schl\u00fcssels (Info-Key) Richtige und sichere Benutzung wie Auf- und Absteigen \/ bremsen und beschleunigen sowie das \u201eParken\u201c des Segways Verhalten bei Gefahrsituationen wie z.B.: \u00a0Kontakt mit Tieren \/ &hellip; <a href=\"http:\/\/www.baltic-spass.de\/?page_id=39\">Weiterlesen <span class=\"meta-nav\">&rarr;<\/span><\/a><\/p>\n","protected":false},"author":1,"featured_media":0,"parent":0,"menu_order":4,"comment_status":"closed","ping_status":"closed","template":"","meta":{"footnotes":""},"class_list":["post-39","page","type-page","status-publish","hentry"],"_links":{"self":[{"href":"http:\/\/www.baltic-spass.de\/index.php?rest_route=\/wp\/v2\/pages\/39","targetHints":{"allow":["GET"]}}],"collection":[{"href":"http:\/\/www.baltic-spass.de\/index.php?rest_route=\/wp\/v2\/pages"}],"about":[{"href":"http:\/\/www.baltic-spass.de\/index.php?rest_route=\/wp\/v2\/types\/page"}],"author":[{"embeddable":true,"href":"http:\/\/www.baltic-spass.de\/index.php?rest_route=\/wp\/v2\/users\/1"}],"replies":[{"embeddable":true,"href":"http:\/\/www.baltic-spass.de\/index.php?rest_route=%2Fwp%2Fv2%2Fcomments&post=39"}],"version-history":[{"count":60,"href":"http:\/\/www.baltic-spass.de\/index.php?rest_route=\/wp\/v2\/pages\/39\/revisions"}],"predecessor-version":[{"id":2588,"href":"http:\/\/www.baltic-spass.de\/index.php?rest_route=\/wp\/v2\/pages\/39\/revisions\/2588"}],"wp:attachment":[{"href":"http:\/\/www.baltic-spass.de\/index.php?rest_route=%2Fwp%2Fv2%2Fmedia&parent=39"}],"curies":[{"name":"wp","href":"https:\/\/api.w.org\/{rel}","templated":true}]}}