{"id":2463,"date":"2020-10-17T09:25:45","date_gmt":"2020-10-17T09:25:45","guid":{"rendered":"http:\/\/www.baltic-spass.de\/?page_id=2463"},"modified":"2020-10-17T09:55:35","modified_gmt":"2020-10-17T09:55:35","slug":"sonstiges","status":"publish","type":"page","link":"http:\/\/www.baltic-spass.de\/?page_id=2463","title":{"rendered":"sonstiges"},"content":{"rendered":"\n<p>Unsere Segways sind Vollkasko versichert \u2013 mit einem Selbstbehalt von Euro 300,00 der im Schadensfall (Eigenverschulden) vom Kunden getragen werden muss.<\/p>\n\n\n\n<p>&#8212;&#8212;&#8212;&#8212;&#8212;&#8212;&#8212;&#8212;&#8212;&#8212;&#8212;&#8212;&#8212;&#8212;&#8212;&#8212;&#8212;&#8212;&#8212;&#8212;&#8212;&#8212;&#8212;&#8212;&#8212;&#8212;&#8212;&#8212;&#8212;&#8212;&#8212;&#8212;&#8212;&#8212;&#8212;&#8212;-<\/p>\n\n\n\n<p>alle Preise inkl. der gesetzlichen Mehwertsteuer<\/p>\n\n\n\n<p>&#8212;&#8212;&#8212;&#8212;&#8212;&#8212;&#8212;&#8212;&#8212;&#8212;&#8212;&#8212;&#8212;&#8212;&#8212;&#8212;&#8212;&#8212;&#8212;&#8212;&#8212;&#8212;&#8212;&#8212;&#8212;&#8212;&#8212;&#8212;&#8212;&#8212;&#8212;&#8212;&#8212;&#8212;&#8212;&#8212;<\/p>\n\n\n\n<p>tritt der K\u00e4ufer des Gutscheines&nbsp; bis zu 24 Stunden vor der Tour vom Vertrag vor Durchf\u00fchrung der Leistung (R\u00fccktritt\/ Stornierung der Buchung bzw. des Termins) zur\u00fcck,&nbsp; dann zahlt der K\u00e4ufer des Gutscheines einen Stornobetrag von 95 % des Kaufpreises. Wird die Tour 36 Std. vorher abgesagt, wird ein Stornobetrag von 80% eingehalten.<\/p>\n\n\n\n<p>Bei einem Gutschein von anderen Anbietern<\/p>\n\n\n\n<p>wird der R\u00fcckzahlungsbetrag nach Abzug der Vermittlergeb\u00fchr berechnet.<\/p>\n\n\n\n<p>&#8212;&#8212;&#8212;&#8212;&#8212;&#8212;&#8212;&#8212;&#8212;&#8212;&#8212;&#8212;&#8212;&#8212;&#8212;&#8212;&#8212;&#8212;&#8212;&#8212;&#8212;&#8212;&#8212;&#8212;&#8212;&#8212;&#8212;&#8212;&#8212;&#8212;&#8212;&#8212;&#8212;&#8212;&#8212;&#8212;&#8212;<\/p>\n\n\n\n<p>sollten Sie mitmehr als 20 Min. Versp\u00e4tung bei uns ankommen, wird diese Zeit von der Fahrzeit abgezogen.<\/p>\n\n\n\n<p>&#8212;&#8212;&#8212;&#8212;&#8212;&#8212;&#8212;&#8212;&#8212;&#8212;&#8212;&#8212;&#8212;&#8212;&#8212;&#8212;&#8212;&#8212;&#8212;&#8212;&#8212;&#8212;&#8212;&#8212;&#8212;&#8212;&#8212;&#8212;&#8212;&#8212;&#8212;&#8212;&#8212;&#8212;&#8212;&#8212;&#8212;<\/p>\n","protected":false},"excerpt":{"rendered":"<p>Unsere Segways sind Vollkasko versichert \u2013 mit einem Selbstbehalt von Euro 300,00 der im Schadensfall (Eigenverschulden) vom Kunden getragen werden muss. &#8212;&#8212;&#8212;&#8212;&#8212;&#8212;&#8212;&#8212;&#8212;&#8212;&#8212;&#8212;&#8212;&#8212;&#8212;&#8212;&#8212;&#8212;&#8212;&#8212;&#8212;&#8212;&#8212;&#8212;&#8212;&#8212;&#8212;&#8212;&#8212;&#8212;&#8212;&#8212;&#8212;&#8212;&#8212;&#8212;- alle Preise inkl. der gesetzlichen Mehwertsteuer &#8212;&#8212;&#8212;&#8212;&#8212;&#8212;&#8212;&#8212;&#8212;&#8212;&#8212;&#8212;&#8212;&#8212;&#8212;&#8212;&#8212;&#8212;&#8212;&#8212;&#8212;&#8212;&#8212;&#8212;&#8212;&#8212;&#8212;&#8212;&#8212;&#8212;&#8212;&#8212;&#8212;&#8212;&#8212;&#8212; tritt der K\u00e4ufer des Gutscheines&nbsp; bis zu 24 Stunden vor der &hellip; <a href=\"http:\/\/www.baltic-spass.de\/?page_id=2463\">Weiterlesen <span class=\"meta-nav\">&rarr;<\/span><\/a><\/p>\n","protected":false},"author":1,"featured_media":0,"parent":0,"menu_order":14,"comment_status":"closed","ping_status":"closed","template":"","meta":{"footnotes":""},"class_list":["post-2463","page","type-page","status-publish","hentry"],"_links":{"self":[{"href":"http:\/\/www.baltic-spass.de\/index.php?rest_route=\/wp\/v2\/pages\/2463","targetHints":{"allow":["GET"]}}],"collection":[{"href":"http:\/\/www.baltic-spass.de\/index.php?rest_route=\/wp\/v2\/pages"}],"about":[{"href":"http:\/\/www.baltic-spass.de\/index.php?rest_route=\/wp\/v2\/types\/page"}],"author":[{"embeddable":true,"href":"http:\/\/www.baltic-spass.de\/index.php?rest_route=\/wp\/v2\/users\/1"}],"replies":[{"embeddable":true,"href":"http:\/\/www.baltic-spass.de\/index.php?rest_route=%2Fwp%2Fv2%2Fcomments&post=2463"}],"version-history":[{"count":6,"href":"http:\/\/www.baltic-spass.de\/index.php?rest_route=\/wp\/v2\/pages\/2463\/revisions"}],"predecessor-version":[{"id":2483,"href":"http:\/\/www.baltic-spass.de\/index.php?rest_route=\/wp\/v2\/pages\/2463\/revisions\/2483"}],"wp:attachment":[{"href":"http:\/\/www.baltic-spass.de\/index.php?rest_route=%2Fwp%2Fv2%2Fmedia&parent=2463"}],"curies":[{"name":"wp","href":"https:\/\/api.w.org\/{rel}","templated":true}]}}